{"id":1818,"date":"2023-11-24T12:00:32","date_gmt":"2023-11-24T10:00:32","guid":{"rendered":"https:\/\/www.westinbuss.se\/vara-tjanster\/till-och-fran-flygplatsen\/"},"modified":"2026-03-13T11:26:44","modified_gmt":"2026-03-13T09:26:44","slug":"to-and-from-the-airport","status":"publish","type":"page","link":"https:\/\/www.westinbuss.se\/en\/our-services\/to-and-from-the-airport\/","title":{"rendered":"To and from the airport"},"content":{"rendered":"\n<section class=\"wp-block-noor-blocks-section nb-section position-relative\">\n<div class=\"wp-block-noor-blocks-container nb-container container\" style=\"background-image:url(https:\/\/www.westinbuss.se\/wp-content\/uploads\/2023\/11\/bg-header-2.png);background-repeat:no-repeat;background-size:cover;background-position:bottom\">\n<div class=\"wp-block-noor-blocks-row nb-row row justify-content-center\">\n<div class=\"wp-block-noor-blocks-column col nb-column col-12 col-md-8 col-lg-6\">\n<div class=\"wp-block-noor-blocks-group nb-group nb-group-div d-flex flex-column align-items-center d-lg-flex flex-lg-column row-gap-48 row-gap-lg-32  py-64 py-md-96 py-lg-96\">\n<div class=\"wp-block-noor-blocks-group nb-group nb-group-div\">\n<h1 class=\"wp-block-noor-blocks-heading nb-heading nb-heading-h1 mb-24  text-sm-center underlined-heading underlined-heading__center\">Shuttle buses to Arlanda, Skavsta &amp; V\u00e4ster\u00e5s<\/h1>\n\n\n\n<p class=\"wp-block-noor-blocks-paragraph nb-paragraph mb-0  text-center\">Let Westin Buss arrange your bus journey to and from the airport. We provide comfortable and punctual airport transportations to and from M\u00e4lardalen to Arlanda, Skavsta, Bromma and V\u00e4ster\u00e5s airports, departing at your convenience. With excellent service and high quality buses, you can be certain that our transfer will fulfil all your needs.<br><br><strong>Best\u00e4llningstrafik<\/strong><br>M\u00e4lardalen &#8211; Arlanda<br>M\u00e4lardalen &#8211; Skavsta<br>M\u00e4lardalen &#8211; V\u00e4ster\u00e5s<\/p>\n<\/div>\n<\/div>\n<\/div>\n<\/div>\n<\/div>\n<\/section>\n\n\n\n<section class=\"wp-block-noor-blocks-section nb-section position-relative  py-64 py-lg-96 bg-secondary-light pattern-two-column-content\">\n<div class=\"wp-block-noor-blocks-container nb-container container\">\n<div class=\"wp-block-noor-blocks-two-column-content nb-two-column-content row row-cols-1 row-cols-lg-2 row-gap-32\">\n<div class=\"wp-block-noor-blocks-column-content nb-column-content col d-flex flex-column col-12 col-sm-12 col-md-6 col-lg-6 justify-content-center offset-0 offset-sm-0 offset-md-0 offset-lg-0 flex-fill\">\n<picture class=\"wp-block-noor-blocks-image nb-image\" style=\"height:100%;max-height:400px\"><img decoding=\"async\" src=\"https:\/\/www.westinbuss.se\/wp-content\/uploads\/2023\/11\/flygplats.jpg\" class=\"object-fit-cover object-position-center\"\/><\/picture>\n<\/div>\n\n\n\n<div class=\"wp-block-noor-blocks-column-content nb-column-content col d-flex flex-column col-12 col-sm-12 col-md-6 col-lg-5 justify-content-center offset-0 offset-sm-0 offset-md-0 offset-lg-1\">\n<div class=\"wp-block-noor-blocks-group nb-group nb-group-div d-flex flex-column align-items-start\">\n<h2 class=\"wp-block-noor-blocks-heading nb-heading nb-heading-h2 mb-32  underlined-heading\">Airport buses to\/from Stockholm<\/h2>\n\n\n\n<p class=\"wp-block-noor-blocks-paragraph nb-paragraph\">Whether you are a large group looking to book a bus to Arlanda or a smaller group in need of a bus to Skavsta, we have the right bus for your transportation needs, starting or ending in Stockholm. All buses have reclining seatbacks, comfortable legroom, and complimentary WiFi. The larger buses are also equipped with restrooms, all to ensure you have the most comfortable bus journey to the airport possible.<\/p>\n<\/div>\n<\/div>\n<\/div>\n<\/div>\n<\/section>\n\n\n\n<section class=\"wp-block-noor-blocks-section nb-section position-relative  pt-64 bg-white fancy-cards\">\n<div class=\"wp-block-noor-blocks-container nb-container container\">\n<div class=\"wp-block-noor-blocks-row nb-row row justify-content-center\">\n<div class=\"wp-block-noor-blocks-column col nb-column col-12 col-md-10 col-lg-6\">\n<div class=\"wp-block-noor-blocks-group nb-group nb-group-div d-flex flex-column align-items-center row-gap-32 row-gap-md-40  pb-48\">\n<div class=\"wp-block-noor-blocks-group nb-group nb-group-div\">\n<h2 class=\"wp-block-noor-blocks-heading nb-heading nb-heading-h2 mb-32  text-center underlined-heading underlined-heading__center\">Trustworthy shuttle buses<\/h2>\n\n\n\n<p class=\"wp-block-noor-blocks-paragraph nb-paragraph  text-center\">With climate-smart buses and experienced drivers, Westin Buss is the obvious choice when you\u2019re looking for a trustworthy shuttle bus. For us it\u2019s only natural to always present our customers with high service and a transport that will meet the needs and demands regarding reliable airport buses.<br><br>Contact us today \u2013 we\u2019ll get back to you within 24h.<\/p>\n<\/div>\n\n\n\n<div class=\"wp-block-noor-blocks-group nb-group nb-group-div d-flex column-gap-24\">\n<a href=\"\/en\/\" target=\"_self\" rel=\"noopener\" class=\"wp-block-noor-blocks-button nb-btn nb-btn-custom bg-primary column-gap-8  px-24 py-8 text-white bg-hover-primary-dark text-hover-white bg-active-primary-dark text-active-white has-hover-overlay-color has-active-overlay-color has-hover-overlay-opacity has-active-overlay-opacity\" style=\"--hover-overlay-color:white;--active-overlay-color:white;--hover-overlay-opacity:0%;--active-overlay-opacity:0%;border-radius:36px\"><span class=\"nb-button-overlay\"><\/span><span class=\"nb-btn-text\">Quotation form<\/span><\/a>\n<\/div>\n<\/div>\n<\/div>\n<\/div>\n<\/div>\n<\/section>\n","protected":false},"excerpt":{"rendered":"","protected":false},"author":1,"featured_media":0,"parent":1351,"menu_order":1,"comment_status":"closed","ping_status":"closed","template":"","meta":{"inline_featured_image":false,"footnotes":""},"class_list":["post-1818","page","type-page","status-publish","hentry"],"yoast_head":"<!-- This site is optimized with the Yoast SEO plugin v27.3 - https:\/\/yoast.com\/product\/yoast-seo-wordpress\/ -->\n<title>Shuttle buses to Arlanda, Skavsta &amp; V\u00e4ster\u00e5s | Westin Buss<\/title>\n<meta name=\"description\" content=\"Organize your airport travel with Westin Buss! We offer punctual shuttle buses to &amp; from airports. Read more \u2192\" \/>\n<meta name=\"robots\" content=\"index, follow, max-snippet:-1, max-image-preview:large, max-video-preview:-1\" \/>\n<link rel=\"canonical\" href=\"https:\/\/www.westinbuss.se\/en\/our-services\/to-and-from-the-airport\/\" \/>\n<meta property=\"og:locale\" content=\"en_US\" \/>\n<meta property=\"og:type\" content=\"article\" \/>\n<meta property=\"og:title\" content=\"Shuttle buses to Arlanda, Skavsta &amp; V\u00e4ster\u00e5s | Westin Buss\" \/>\n<meta property=\"og:description\" content=\"Organize your airport travel with Westin Buss! We offer punctual shuttle buses to &amp; from airports. Read more \u2192\" \/>\n<meta property=\"og:url\" content=\"https:\/\/www.westinbuss.se\/en\/our-services\/to-and-from-the-airport\/\" \/>\n<meta property=\"og:site_name\" content=\"Westin Buss\" \/>\n<meta property=\"article:modified_time\" content=\"2026-03-13T09:26:44+00:00\" \/>\n<meta property=\"og:image\" content=\"https:\/\/www.westinbuss.se\/wp-content\/uploads\/2023\/11\/flygplats.jpg\" \/>\n<meta name=\"twitter:card\" content=\"summary_large_image\" \/>\n<meta name=\"twitter:label1\" content=\"Est. reading time\" \/>\n\t<meta name=\"twitter:data1\" content=\"2 minutes\" \/>\n<!-- \/ Yoast SEO plugin. -->","yoast_head_json":{"title":"Shuttle buses to Arlanda, Skavsta & V\u00e4ster\u00e5s | Westin Buss","description":"Organize your airport travel with Westin Buss! We offer punctual shuttle buses to & from airports. Read more \u2192","robots":{"index":"index","follow":"follow","max-snippet":"max-snippet:-1","max-image-preview":"max-image-preview:large","max-video-preview":"max-video-preview:-1"},"canonical":"https:\/\/www.westinbuss.se\/en\/our-services\/to-and-from-the-airport\/","og_locale":"en_US","og_type":"article","og_title":"Shuttle buses to Arlanda, Skavsta & V\u00e4ster\u00e5s | Westin Buss","og_description":"Organize your airport travel with Westin Buss! We offer punctual shuttle buses to & from airports. Read more \u2192","og_url":"https:\/\/www.westinbuss.se\/en\/our-services\/to-and-from-the-airport\/","og_site_name":"Westin Buss","article_modified_time":"2026-03-13T09:26:44+00:00","og_image":[{"url":"https:\/\/www.westinbuss.se\/wp-content\/uploads\/2023\/11\/flygplats.jpg","type":"","width":"","height":""}],"twitter_card":"summary_large_image","twitter_misc":{"Est. reading time":"2 minutes"},"schema":{"@context":"https:\/\/schema.org","@graph":[{"@type":"WebPage","@id":"https:\/\/www.westinbuss.se\/en\/our-services\/to-and-from-the-airport\/","url":"https:\/\/www.westinbuss.se\/en\/our-services\/to-and-from-the-airport\/","name":"Shuttle buses to Arlanda, Skavsta & V\u00e4ster\u00e5s | Westin Buss","isPartOf":{"@id":"https:\/\/www.westinbuss.se\/en\/#website"},"primaryImageOfPage":{"@id":"https:\/\/www.westinbuss.se\/en\/our-services\/to-and-from-the-airport\/#primaryimage"},"image":{"@id":"https:\/\/www.westinbuss.se\/en\/our-services\/to-and-from-the-airport\/#primaryimage"},"thumbnailUrl":"https:\/\/www.westinbuss.se\/wp-content\/uploads\/2023\/11\/flygplats.jpg","datePublished":"2023-11-24T10:00:32+00:00","dateModified":"2026-03-13T09:26:44+00:00","description":"Organize your airport travel with Westin Buss! We offer punctual shuttle buses to & from airports. Read more \u2192","breadcrumb":{"@id":"https:\/\/www.westinbuss.se\/en\/our-services\/to-and-from-the-airport\/#breadcrumb"},"inLanguage":"en-US","potentialAction":[{"@type":"ReadAction","target":["https:\/\/www.westinbuss.se\/en\/our-services\/to-and-from-the-airport\/"]}]},{"@type":"ImageObject","inLanguage":"en-US","@id":"https:\/\/www.westinbuss.se\/en\/our-services\/to-and-from-the-airport\/#primaryimage","url":"https:\/\/www.westinbuss.se\/wp-content\/uploads\/2023\/11\/flygplats.jpg","contentUrl":"https:\/\/www.westinbuss.se\/wp-content\/uploads\/2023\/11\/flygplats.jpg"},{"@type":"BreadcrumbList","@id":"https:\/\/www.westinbuss.se\/en\/our-services\/to-and-from-the-airport\/#breadcrumb","itemListElement":[{"@type":"ListItem","position":1,"name":"Home","item":"https:\/\/www.westinbuss.se\/en\/"},{"@type":"ListItem","position":2,"name":"Rent a bus Stockholm","item":"https:\/\/www.westinbuss.se\/en\/our-services\/"},{"@type":"ListItem","position":3,"name":"To and from the airport"}]},{"@type":"WebSite","@id":"https:\/\/www.westinbuss.se\/en\/#website","url":"https:\/\/www.westinbuss.se\/en\/","name":"Westin Buss","description":"Customized and safe charter bus service in Stockholm | Westin Buss","publisher":{"@id":"https:\/\/www.westinbuss.se\/en\/#organization"},"potentialAction":[{"@type":"SearchAction","target":{"@type":"EntryPoint","urlTemplate":"https:\/\/www.westinbuss.se\/en\/?s={search_term_string}"},"query-input":{"@type":"PropertyValueSpecification","valueRequired":true,"valueName":"search_term_string"}}],"inLanguage":"en-US"},{"@type":"Organization","@id":"https:\/\/www.westinbuss.se\/en\/#organization","name":"Westin Buss","url":"https:\/\/www.westinbuss.se\/en\/","logo":{"@type":"ImageObject","inLanguage":"en-US","@id":"https:\/\/www.westinbuss.se\/en\/#\/schema\/logo\/image\/","url":"https:\/\/www.westinbuss.se\/wp-content\/uploads\/2023\/11\/b3be85f32ab0824248ca0db09b613cd7.png","contentUrl":"https:\/\/www.westinbuss.se\/wp-content\/uploads\/2023\/11\/b3be85f32ab0824248ca0db09b613cd7.png","width":1920,"height":481,"caption":"Westin Buss"},"image":{"@id":"https:\/\/www.westinbuss.se\/en\/#\/schema\/logo\/image\/"}}]}},"_links":{"self":[{"href":"https:\/\/www.westinbuss.se\/en\/wp-json\/wp\/v2\/pages\/1818","targetHints":{"allow":["GET"]}}],"collection":[{"href":"https:\/\/www.westinbuss.se\/en\/wp-json\/wp\/v2\/pages"}],"about":[{"href":"https:\/\/www.westinbuss.se\/en\/wp-json\/wp\/v2\/types\/page"}],"author":[{"embeddable":true,"href":"https:\/\/www.westinbuss.se\/en\/wp-json\/wp\/v2\/users\/1"}],"replies":[{"embeddable":true,"href":"https:\/\/www.westinbuss.se\/en\/wp-json\/wp\/v2\/comments?post=1818"}],"version-history":[{"count":3,"href":"https:\/\/www.westinbuss.se\/en\/wp-json\/wp\/v2\/pages\/1818\/revisions"}],"predecessor-version":[{"id":3286,"href":"https:\/\/www.westinbuss.se\/en\/wp-json\/wp\/v2\/pages\/1818\/revisions\/3286"}],"up":[{"embeddable":true,"href":"https:\/\/www.westinbuss.se\/en\/wp-json\/wp\/v2\/pages\/1351"}],"wp:attachment":[{"href":"https:\/\/www.westinbuss.se\/en\/wp-json\/wp\/v2\/media?parent=1818"}],"curies":[{"name":"wp","href":"https:\/\/api.w.org\/{rel}","templated":true}]}}