{"id":1822,"date":"2023-11-24T11:15:07","date_gmt":"2023-11-24T09:15:07","guid":{"rendered":"https:\/\/www.westinbuss.se\/our-services\/bussresor-i-hela-sverige\/"},"modified":"2026-03-13T11:27:12","modified_gmt":"2026-03-13T09:27:12","slug":"bus-trips-all-over-sweden","status":"publish","type":"page","link":"https:\/\/www.westinbuss.se\/en\/our-services\/bus-trips-all-over-sweden\/","title":{"rendered":"Bus trips"},"content":{"rendered":"\n<section class=\"wp-block-noor-blocks-section nb-section position-relative  pattern-header-1-container\" id=\"header-1\">\n<div class=\"wp-block-noor-blocks-container nb-container container\" style=\"background-image:url(https:\/\/www.westinbuss.se\/wp-content\/uploads\/2023\/11\/bg-header.png);background-repeat:no-repeat;background-size:contain;background-position:right\">\n<div class=\"wp-block-noor-blocks-two-column-content nb-two-column-content row row-cols-1 row-cols-lg-2 align-items-center\">\n<div class=\"wp-block-noor-blocks-column-content nb-column-content col d-flex flex-column col-12 col-sm-12 col-md-6 col-lg-5\">\n<div class=\"wp-block-noor-blocks-group nb-group nb-group-div d-flex flex-column row-gap-64 row-gap-lg-48  py-48 py-md-64 py-lg-64\">\n<div class=\"wp-block-noor-blocks-group nb-group nb-group-div\">\n<h1 class=\"wp-block-noor-blocks-heading nb-heading nb-heading-h1 mb-24 mb-lg-32  underlined-heading\">Bus trips in Sweden<\/h1>\n\n\n\n<p class=\"wp-block-noor-blocks-paragraph nb-paragraph mb-0\">We regard it a pride to always perform comfortable and punctual bus trips all over Sweden. When you\u2019re in need of a transport originating from or ending in Stockholm, we always make sure to present a transportation that will fit the upcoming expedition down to the finest of details. To bigger cities such as Gothenborg or smaller ones such as \u00d6stersund and Eskilstuna, we\u2019ll take you everywhere in our climate-smart, modern buses equipped with the latest in comfort.<\/p>\n<\/div>\n<\/div>\n<\/div>\n\n\n\n<div class=\"wp-block-noor-blocks-column-content nb-column-content col d-flex flex-column col-12 col-sm-12 col-md-6 col-lg-7\">\n<div class=\"wp-block-noor-blocks-group nb-group nb-group-div  py-48 py-md-64 py-lg-64 w-100 h-100\" style=\"background-size:cover;background-repeat:no-repeat;background-position:right\">\n<picture class=\"wp-block-noor-blocks-image nb-image\"><img decoding=\"async\" src=\"https:\/\/www.westinbuss.se\/wp-content\/uploads\/2026\/02\/DSC8996-scaled.jpg\" class=\"object-fit-none object-position-center\"\/><\/picture>\n<\/div>\n<\/div>\n<\/div>\n<\/div>\n<\/section>\n\n\n\n<section class=\"wp-block-noor-blocks-section nb-section position-relative  py-64 py-lg-96 bg-secondary-light pattern-two-column-content\">\n<div class=\"wp-block-noor-blocks-container nb-container container\">\n<div class=\"wp-block-noor-blocks-two-column-content nb-two-column-content row row-cols-1 row-cols-lg-2 row-gap-32\">\n<div class=\"wp-block-noor-blocks-column-content nb-column-content col d-flex flex-column col-12 col-sm-12 col-md-6 col-lg-6 justify-content-center offset-0 offset-sm-0 offset-md-0 offset-lg-0 flex-fill\">\n<picture class=\"wp-block-noor-blocks-image nb-image shadow\" style=\"height:100%;max-height:400px\"><img decoding=\"async\" src=\"https:\/\/www.westinbuss.se\/wp-content\/uploads\/2024\/01\/nature.jpg\" class=\"object-fit-cover object-position-center\"\/><\/picture>\n<\/div>\n\n\n\n<div class=\"wp-block-noor-blocks-column-content nb-column-content col d-flex flex-column col-12 col-sm-12 col-md-6 col-lg-5 justify-content-center offset-0 offset-sm-0 offset-md-0 offset-lg-1\">\n<div class=\"wp-block-noor-blocks-group nb-group nb-group-div d-flex flex-column align-items-start\">\n<h2 class=\"wp-block-noor-blocks-heading nb-heading nb-heading-h2 mb-32  underlined-heading\">From north to south in Sweden<\/h2>\n\n\n\n<p class=\"wp-block-noor-blocks-paragraph nb-paragraph\">Do you need to hire a coach that will take you to \u00d6rebro, or perhaps J\u00f6nk\u00f6ping? Do you want to book a transport to Malm\u00f6 and Karlstad, or perhaps V\u00e4xj\u00f6? Book your upcoming bus trip with our rental and be certain that you\u2019ll receive the high service that you both want and need. All our buses are equipped with free WiFi as well as a power outlet right next to each seat, which by the way are built with a couple of extra inches of legroom \u2013 all to make sure that your travel is as comfortable as possible.<\/p>\n<\/div>\n<\/div>\n<\/div>\n<\/div>\n<\/section>\n\n\n\n<section class=\"wp-block-noor-blocks-section nb-section position-relative  py-64 bg-white fancy-cards\">\n<div class=\"wp-block-noor-blocks-container nb-container container\">\n<div class=\"wp-block-noor-blocks-row nb-row row justify-content-center\">\n<div class=\"wp-block-noor-blocks-column col nb-column col-12 col-md-10 col-lg-6\">\n<div class=\"wp-block-noor-blocks-group nb-group nb-group-div d-flex flex-column align-items-center row-gap-32 row-gap-md-40  pb-48\">\n<div class=\"wp-block-noor-blocks-group nb-group nb-group-div\">\n<h2 class=\"wp-block-noor-blocks-heading nb-heading nb-heading-h2 mb-32  text-center underlined-heading underlined-heading__center\">Punctual transports all over the country<\/h2>\n\n\n\n<p class=\"wp-block-noor-blocks-paragraph nb-paragraph  text-center\">With a long experience and buses for all kinds of events, we\u2019re the given choice when you\u2019re in need of a reliable transport in Sweden. Our service-minded drivers see it as a duty to make sure that your transport is as punctual as pleasant.<br><br>Contact us today \u2013 we\u2019ll get back to you within 24h.<\/p>\n<\/div>\n\n\n\n<div class=\"wp-block-noor-blocks-group nb-group nb-group-div d-flex column-gap-24\">\n<a href=\"\/en\/\" target=\"_self\" rel=\"noopener\" class=\"wp-block-noor-blocks-button nb-btn nb-btn-custom bg-primary column-gap-8  px-24 py-8 text-white bg-hover-primary-dark text-hover-white bg-active-primary-dark text-active-white has-hover-overlay-color has-active-overlay-color has-hover-overlay-opacity has-active-overlay-opacity\" style=\"--hover-overlay-color:white;--active-overlay-color:white;--hover-overlay-opacity:0%;--active-overlay-opacity:0%;border-radius:36px\"><span class=\"nb-button-overlay\"><\/span><span class=\"nb-btn-text\">Quotation form<\/span><\/a>\n<\/div>\n<\/div>\n<\/div>\n<\/div>\n<\/div>\n<\/section>\n","protected":false},"excerpt":{"rendered":"","protected":false},"author":1,"featured_media":0,"parent":1351,"menu_order":3,"comment_status":"closed","ping_status":"closed","template":"","meta":{"inline_featured_image":false,"footnotes":""},"class_list":["post-1822","page","type-page","status-publish","hentry"],"yoast_head":"<!-- This site is optimized with the Yoast SEO plugin v27.5 - https:\/\/yoast.com\/product\/yoast-seo-wordpress\/ -->\n<title>Bus Trips in Sweden | Westin Buss<\/title>\n<meta name=\"description\" content=\"Westin Buss conducts bus trips in Sweden \u2013 from bigger cities like Stockholm &amp; Gothenburg to smaller cities like Ume\u00e5 &amp; Karlstad. Read more &amp; book today!\" \/>\n<meta name=\"robots\" content=\"index, follow, max-snippet:-1, max-image-preview:large, max-video-preview:-1\" \/>\n<link rel=\"canonical\" href=\"https:\/\/www.westinbuss.se\/en\/our-services\/bus-trips-all-over-sweden\/\" \/>\n<meta property=\"og:locale\" content=\"en_US\" \/>\n<meta property=\"og:type\" content=\"article\" \/>\n<meta property=\"og:title\" content=\"Bus Trips in Sweden | Westin Buss\" \/>\n<meta property=\"og:description\" content=\"Westin Buss conducts bus trips in Sweden \u2013 from bigger cities like Stockholm &amp; Gothenburg to smaller cities like Ume\u00e5 &amp; Karlstad. Read more &amp; book today!\" \/>\n<meta property=\"og:url\" content=\"https:\/\/www.westinbuss.se\/en\/our-services\/bus-trips-all-over-sweden\/\" \/>\n<meta property=\"og:site_name\" content=\"Westin Buss\" \/>\n<meta property=\"article:modified_time\" content=\"2026-03-13T09:27:12+00:00\" \/>\n<meta property=\"og:image\" content=\"https:\/\/www.westinbuss.se\/wp-content\/uploads\/2026\/02\/DSC8996-scaled.jpg\" \/>\n<meta name=\"twitter:card\" content=\"summary_large_image\" \/>\n<meta name=\"twitter:label1\" content=\"Est. reading time\" \/>\n\t<meta name=\"twitter:data1\" content=\"2 minutes\" \/>\n<!-- \/ Yoast SEO plugin. -->","yoast_head_json":{"title":"Bus Trips in Sweden | Westin Buss","description":"Westin Buss conducts bus trips in Sweden \u2013 from bigger cities like Stockholm & Gothenburg to smaller cities like Ume\u00e5 & Karlstad. Read more & book today!","robots":{"index":"index","follow":"follow","max-snippet":"max-snippet:-1","max-image-preview":"max-image-preview:large","max-video-preview":"max-video-preview:-1"},"canonical":"https:\/\/www.westinbuss.se\/en\/our-services\/bus-trips-all-over-sweden\/","og_locale":"en_US","og_type":"article","og_title":"Bus Trips in Sweden | Westin Buss","og_description":"Westin Buss conducts bus trips in Sweden \u2013 from bigger cities like Stockholm & Gothenburg to smaller cities like Ume\u00e5 & Karlstad. Read more & book today!","og_url":"https:\/\/www.westinbuss.se\/en\/our-services\/bus-trips-all-over-sweden\/","og_site_name":"Westin Buss","article_modified_time":"2026-03-13T09:27:12+00:00","og_image":[{"url":"https:\/\/www.westinbuss.se\/wp-content\/uploads\/2026\/02\/DSC8996-scaled.jpg","type":"","width":"","height":""}],"twitter_card":"summary_large_image","twitter_misc":{"Est. reading time":"2 minutes"},"schema":{"@context":"https:\/\/schema.org","@graph":[{"@type":"WebPage","@id":"https:\/\/www.westinbuss.se\/en\/our-services\/bus-trips-all-over-sweden\/","url":"https:\/\/www.westinbuss.se\/en\/our-services\/bus-trips-all-over-sweden\/","name":"Bus Trips in Sweden | Westin Buss","isPartOf":{"@id":"https:\/\/www.westinbuss.se\/en\/#website"},"primaryImageOfPage":{"@id":"https:\/\/www.westinbuss.se\/en\/our-services\/bus-trips-all-over-sweden\/#primaryimage"},"image":{"@id":"https:\/\/www.westinbuss.se\/en\/our-services\/bus-trips-all-over-sweden\/#primaryimage"},"thumbnailUrl":"https:\/\/www.westinbuss.se\/wp-content\/uploads\/2026\/02\/DSC8996-scaled.jpg","datePublished":"2023-11-24T09:15:07+00:00","dateModified":"2026-03-13T09:27:12+00:00","description":"Westin Buss conducts bus trips in Sweden \u2013 from bigger cities like Stockholm & Gothenburg to smaller cities like Ume\u00e5 & Karlstad. Read more & book today!","breadcrumb":{"@id":"https:\/\/www.westinbuss.se\/en\/our-services\/bus-trips-all-over-sweden\/#breadcrumb"},"inLanguage":"en-US","potentialAction":[{"@type":"ReadAction","target":["https:\/\/www.westinbuss.se\/en\/our-services\/bus-trips-all-over-sweden\/"]}]},{"@type":"ImageObject","inLanguage":"en-US","@id":"https:\/\/www.westinbuss.se\/en\/our-services\/bus-trips-all-over-sweden\/#primaryimage","url":"https:\/\/www.westinbuss.se\/wp-content\/uploads\/2026\/02\/DSC8996-scaled.jpg","contentUrl":"https:\/\/www.westinbuss.se\/wp-content\/uploads\/2026\/02\/DSC8996-scaled.jpg"},{"@type":"BreadcrumbList","@id":"https:\/\/www.westinbuss.se\/en\/our-services\/bus-trips-all-over-sweden\/#breadcrumb","itemListElement":[{"@type":"ListItem","position":1,"name":"Home","item":"https:\/\/www.westinbuss.se\/en\/"},{"@type":"ListItem","position":2,"name":"Rent a bus Stockholm","item":"https:\/\/www.westinbuss.se\/en\/our-services\/"},{"@type":"ListItem","position":3,"name":"Bus trips"}]},{"@type":"WebSite","@id":"https:\/\/www.westinbuss.se\/en\/#website","url":"https:\/\/www.westinbuss.se\/en\/","name":"Westin Buss","description":"Customized and safe charter bus service in Stockholm | Westin Buss","publisher":{"@id":"https:\/\/www.westinbuss.se\/en\/#organization"},"potentialAction":[{"@type":"SearchAction","target":{"@type":"EntryPoint","urlTemplate":"https:\/\/www.westinbuss.se\/en\/?s={search_term_string}"},"query-input":{"@type":"PropertyValueSpecification","valueRequired":true,"valueName":"search_term_string"}}],"inLanguage":"en-US"},{"@type":"Organization","@id":"https:\/\/www.westinbuss.se\/en\/#organization","name":"Westin Buss","url":"https:\/\/www.westinbuss.se\/en\/","logo":{"@type":"ImageObject","inLanguage":"en-US","@id":"https:\/\/www.westinbuss.se\/en\/#\/schema\/logo\/image\/","url":"https:\/\/www.westinbuss.se\/wp-content\/uploads\/2023\/11\/b3be85f32ab0824248ca0db09b613cd7.png","contentUrl":"https:\/\/www.westinbuss.se\/wp-content\/uploads\/2023\/11\/b3be85f32ab0824248ca0db09b613cd7.png","width":1920,"height":481,"caption":"Westin Buss"},"image":{"@id":"https:\/\/www.westinbuss.se\/en\/#\/schema\/logo\/image\/"}}]}},"_links":{"self":[{"href":"https:\/\/www.westinbuss.se\/en\/wp-json\/wp\/v2\/pages\/1822","targetHints":{"allow":["GET"]}}],"collection":[{"href":"https:\/\/www.westinbuss.se\/en\/wp-json\/wp\/v2\/pages"}],"about":[{"href":"https:\/\/www.westinbuss.se\/en\/wp-json\/wp\/v2\/types\/page"}],"author":[{"embeddable":true,"href":"https:\/\/www.westinbuss.se\/en\/wp-json\/wp\/v2\/users\/1"}],"replies":[{"embeddable":true,"href":"https:\/\/www.westinbuss.se\/en\/wp-json\/wp\/v2\/comments?post=1822"}],"version-history":[{"count":6,"href":"https:\/\/www.westinbuss.se\/en\/wp-json\/wp\/v2\/pages\/1822\/revisions"}],"predecessor-version":[{"id":3291,"href":"https:\/\/www.westinbuss.se\/en\/wp-json\/wp\/v2\/pages\/1822\/revisions\/3291"}],"up":[{"embeddable":true,"href":"https:\/\/www.westinbuss.se\/en\/wp-json\/wp\/v2\/pages\/1351"}],"wp:attachment":[{"href":"https:\/\/www.westinbuss.se\/en\/wp-json\/wp\/v2\/media?parent=1822"}],"curies":[{"name":"wp","href":"https:\/\/api.w.org\/{rel}","templated":true}]}}