{"id":884,"date":"2023-11-21T11:15:40","date_gmt":"2023-11-21T09:15:40","guid":{"rendered":"https:\/\/www.westinbuss.se\/?page_id=884"},"modified":"2026-03-31T11:15:06","modified_gmt":"2026-03-31T09:15:06","slug":"bus-rental","status":"publish","type":"page","link":"https:\/\/www.westinbuss.se\/en\/our-services\/bus-rental\/","title":{"rendered":"Rent a bus"},"content":{"rendered":"\n<section class=\"wp-block-noor-blocks-section nb-section position-relative  pattern-header-1\" id=\"header-1\">\n<div class=\"wp-block-noor-blocks-container nb-container container\" style=\"background-image:url(https:\/\/www.westinbuss.se\/wp-content\/uploads\/2023\/11\/bg-header.png);background-repeat:no-repeat;background-size:contain;background-position:right\">\n<div class=\"wp-block-noor-blocks-two-column-content nb-two-column-content row row-cols-1 row-cols-lg-2 align-items-center\">\n<div class=\"wp-block-noor-blocks-column-content nb-column-content col d-flex flex-column col-12 col-sm-12 col-md-6 col-lg-5\">\n<div class=\"wp-block-noor-blocks-group nb-group nb-group-div d-flex flex-column\">\n<div class=\"wp-block-noor-blocks-group nb-group nb-group-div\">\n<h1 class=\"wp-block-noor-blocks-heading nb-heading nb-heading-h1 mb-24 mb-lg-32  underlined-heading\">Rent a bus<\/h1>\n\n\n\n<p>Renting a bus for a wedding, a sightseeing tour, team building activity or a day trip is a practical and convenient way to transport your group to different destinations. We at Westin Buss offer you the right bus to have at your disposal for the time required, regardless of your needs or wishes. With an updated fleet and well-trained drivers, you can feel safe with us.<\/p>\n<\/div>\n\n\n\n<div class=\"wp-block-noor-blocks-group nb-group nb-group-div d-flex column-gap-24  pt-24\">\n<a href=\"\/en\/\" target=\"_self\" rel=\"noopener\" class=\"wp-block-noor-blocks-button nb-btn nb-btn-custom bg-primary column-gap-8 px-24 py-8 text-white bg-hover-primary-dark text-hover-white bg-active-primary-dark text-active-white has-hover-overlay-color has-active-overlay-color has-hover-overlay-opacity has-active-overlay-opacity\" style=\"--hover-overlay-color:white;--active-overlay-color:white;--hover-overlay-opacity:0%;--active-overlay-opacity:0%;border-radius:36px\"><span class=\"nb-button-overlay\"><\/span><span class=\"nb-btn-text\">Book a trip<\/span><\/a>\n<\/div>\n<\/div>\n<\/div>\n\n\n\n<div class=\"wp-block-noor-blocks-column-content nb-column-content col d-flex flex-column col-12 col-sm-12 col-md-6 col-lg-7 py-32\">\n<div class=\"wp-block-noor-blocks-group nb-group nb-group-div  py-64 py-md-96 py-lg-40 w-100 h-100\" style=\"background-size:cover;background-repeat:no-repeat;background-position:right\">\n<picture class=\"wp-block-noor-blocks-image nb-image\"><img decoding=\"async\" src=\"https:\/\/www.westinbuss.se\/wp-content\/uploads\/2026\/03\/KBB27G.jpg\" class=\"object-fit-none object-position-center\"\/><\/picture>\n<\/div>\n<\/div>\n<\/div>\n<\/div>\n<\/section>\n\n\n\n<section class=\"wp-block-noor-blocks-section nb-section position-relative  pt-64 fancy-cards\" id=\"fancy-cards\">\n<div class=\"wp-block-noor-blocks-container nb-container container\">\n<div class=\"wp-block-noor-blocks-row nb-row row justify-content-center\">\n<div class=\"wp-block-noor-blocks-column col nb-column col-12 col-md-10 col-lg-6\">\n<div class=\"wp-block-noor-blocks-group nb-group nb-group-div d-flex flex-column row-gap-32 row-gap-md-40  pb-48\">\n<div class=\"wp-block-noor-blocks-group nb-group nb-group-div\">\n<h2 class=\"wp-block-noor-blocks-heading nb-heading nb-heading-h2 mb-32  text-center underlined-heading underlined-heading__center\">Rent a bus in the Stockholm area<\/h2>\n\n\n\n<p class=\"wp-block-noor-blocks-paragraph nb-paragraph mb-0  text-sm-center\">Need to rent a bus in the Stockholm area? Our bus trips are designed to ensure that our passengers can travel smoothly and comfortably. We arrange bus trips to and from Stockholm, but can also transport you to and from neighboring municipalities.<\/p>\n<\/div>\n<\/div>\n<\/div>\n<\/div>\n\n\n\n<div class=\"wp-block-noor-blocks-row nb-row row justify-content-center row-gap-20 row-gap-lg-24\">\n<div class=\"wp-block-noor-blocks-column col nb-column col-12 col-md-6 col-lg-4\">\n<div class=\"wp-block-noor-blocks-group nb-group nb-group-div bg-white d-flex flex-column  pb-32 pattern-fancy-card shadow h-100\">\n<picture class=\"wp-block-noor-blocks-image nb-image  flex-fill\" style=\"width:100%;height:100%;max-height:228px\"><img decoding=\"async\" src=\"https:\/\/www.westinbuss.se\/wp-content\/uploads\/2023\/11\/Stockholm.jpg\" class=\"object-fit-cover object-position-center\"\/><\/picture>\n\n\n\n<div class=\"wp-block-noor-blocks-group nb-group nb-group-div d-flex flex-column  flex-fill\">\n<div class=\"wp-block-noor-blocks-group nb-group nb-group-div  p-24 flex-fill\">\n<h3 class=\"wp-block-noor-blocks-heading nb-heading nb-heading-h3 mb-16  text-center\">Stockholm<\/h3>\n\n\n\n<p class=\"wp-block-noor-blocks-paragraph nb-paragraph mb-0  text-center\">Discover Stockholm with Westin Bus. From the Old Town to modern attractions. Contact us to <a href=\"https:\/\/www.westinbuss.se\/en\/our-services\/\">rent a bus in Stockholm<\/a> and let our experienced drivers show you the best of the capital!<\/p>\n<\/div>\n\n\n\n<a href=\"https:\/\/www.westinbuss.se\/en\/our-services\/\" target=\"_self\" rel=\"noopener\" class=\"wp-block-noor-blocks-button nb-btn nb-btn-primary bg-primary column-gap-8 px-24 py-8 text-white bg-hover-primary-dark text-hover-white bg-active-primary-dark text-active-white has-hover-overlay-color has-active-overlay-color has-hover-overlay-opacity has-active-overlay-opacity stretched-link mx-16 mx-md-24 align-self-center\" style=\"--hover-overlay-color:white;--active-overlay-color:white;--hover-overlay-opacity:0%;--active-overlay-opacity:0%;border-radius:36px\"><span class=\"nb-button-overlay\"><\/span><span class=\"nb-btn-text\">Read more<\/span><\/a>\n<\/div>\n<\/div>\n<\/div>\n\n\n\n<div class=\"wp-block-noor-blocks-column col nb-column col-12 col-md-6 col-lg-4\">\n<div class=\"wp-block-noor-blocks-group nb-group nb-group-div bg-white d-flex flex-column  pb-32 pattern-fancy-card shadow h-100\">\n<picture class=\"wp-block-noor-blocks-image nb-image flex-fill\" style=\"width:100%;height:100%;max-height:228px\"><img decoding=\"async\" src=\"https:\/\/www.westinbuss.se\/wp-content\/uploads\/2023\/11\/Uppsala.jpg\" class=\"object-fit-cover object-position-center\"\/><\/picture>\n\n\n\n<div class=\"wp-block-noor-blocks-group nb-group nb-group-div d-flex flex-column  flex-fill\">\n<div class=\"wp-block-noor-blocks-group nb-group nb-group-div  p-24 flex-fill\">\n<h3 class=\"wp-block-noor-blocks-heading nb-heading nb-heading-h3 mb-16  text-center\">Uppsala<\/h3>\n\n\n\n<p class=\"wp-block-noor-blocks-paragraph nb-paragraph mb-0  text-center\">Need to <a href=\"https:\/\/www.westinbuss.se\/en\/rent-a-bus-in-uppsala\/\">rent a bus in Uppsala<\/a>? Explore sights like Uppsala Cathedral and Old Uppsala while enjoying comfortable bus transportation from Westin Buss.<\/p>\n<\/div>\n\n\n\n<a href=\"https:\/\/www.westinbuss.se\/en\/rent-a-bus-in-uppsala\/\" target=\"_self\" rel=\"noopener\" class=\"wp-block-noor-blocks-button nb-btn nb-btn-primary bg-primary column-gap-8 px-24 py-8 text-white bg-hover-primary-dark text-hover-white bg-active-primary-dark text-active-white has-hover-overlay-color has-active-overlay-color has-hover-overlay-opacity has-active-overlay-opacity stretched-link mx-16 mx-md-24 align-self-center\" style=\"--hover-overlay-color:white;--active-overlay-color:white;--hover-overlay-opacity:0%;--active-overlay-opacity:0%;border-radius:36px\"><span class=\"nb-button-overlay\"><\/span><span class=\"nb-btn-text\">Read more<\/span><\/a>\n<\/div>\n<\/div>\n<\/div>\n\n\n\n<div class=\"wp-block-noor-blocks-column col nb-column col-12 col-md-6 col-lg-4\">\n<div class=\"wp-block-noor-blocks-group nb-group nb-group-div bg-white d-flex flex-column  pb-32 pattern-fancy-card shadow h-100\">\n<picture class=\"wp-block-noor-blocks-image nb-image flex-fill\" style=\"width:100%;height:100%;max-height:228px\"><img decoding=\"async\" src=\"https:\/\/www.westinbuss.se\/wp-content\/uploads\/2023\/11\/Vasteras.jpg\" class=\"object-fit-cover object-position-center\"\/><\/picture>\n\n\n\n<div class=\"wp-block-noor-blocks-group nb-group nb-group-div d-flex flex-column  flex-fill\">\n<div class=\"wp-block-noor-blocks-group nb-group nb-group-div  p-24 flex-fill\">\n<h3 class=\"wp-block-noor-blocks-heading nb-heading nb-heading-h3 mb-16  text-center\">V\u00e4ster\u00e5s<\/h3>\n\n\n\n<p class=\"wp-block-noor-blocks-paragraph nb-paragraph mb-0  text-center\">Our drivers will take you to places and attractions such as V\u00e4ster\u00e5s Castle, Dj\u00e4kneberget and the beautiful M\u00e4lar promenades. Read more about <a href=\"https:\/\/www.westinbuss.se\/en\/rent-a-bus-in-vasteras\/\">renting a bus in V\u00e4ster\u00e5s<\/a>.<\/p>\n<\/div>\n\n\n\n<a href=\"https:\/\/www.westinbuss.se\/en\/rent-a-bus-in-vasteras\/\" target=\"_self\" rel=\"noopener\" class=\"wp-block-noor-blocks-button nb-btn nb-btn-primary bg-primary column-gap-8 px-24 py-8 text-white bg-hover-primary-dark text-hover-white bg-active-primary-dark text-active-white has-hover-overlay-color has-active-overlay-color has-hover-overlay-opacity has-active-overlay-opacity stretched-link mx-16 mx-md-24 align-self-center\" style=\"--hover-overlay-color:white;--active-overlay-color:white;--hover-overlay-opacity:0%;--active-overlay-opacity:0%;border-radius:36px\"><span class=\"nb-button-overlay\"><\/span><span class=\"nb-btn-text\">Read more<\/span><\/a>\n<\/div>\n<\/div>\n<\/div>\n\n\n\n<div class=\"wp-block-noor-blocks-column col nb-column col-12 col-md-6 col-lg-4\">\n<div class=\"wp-block-noor-blocks-group nb-group nb-group-div bg-white d-flex flex-column  pb-32 pattern-fancy-card shadow h-100\">\n<picture class=\"wp-block-noor-blocks-image nb-image flex-fill\" style=\"width:100%;height:100%;max-height:228px\"><img decoding=\"async\" src=\"https:\/\/www.westinbuss.se\/wp-content\/uploads\/2023\/11\/Sodertalje.jpg\" class=\"object-fit-cover object-position-center\"\/><\/picture>\n\n\n\n<div class=\"wp-block-noor-blocks-group nb-group nb-group-div d-flex flex-column  flex-fill\">\n<div class=\"wp-block-noor-blocks-group nb-group nb-group-div  p-24 flex-fill\">\n<h3 class=\"wp-block-noor-blocks-heading nb-heading nb-heading-h3 mb-16  text-center\">S\u00f6dert\u00e4lje<\/h3>\n\n\n\n<p class=\"wp-block-noor-blocks-paragraph nb-paragraph mb-0  text-center\">Are you ready to discover S\u00f6dert\u00e4lje in a memorable way? <a href=\"https:\/\/www.westinbuss.se\/en\/rent-a-bus-in-sodertalje\/\">Rent a bus in S\u00f6dert\u00e4lje<\/a> and let us take you on a journey through this historic city.<\/p>\n<\/div>\n\n\n\n<a href=\"https:\/\/www.westinbuss.se\/en\/rent-a-bus-in-sodertalje\/\" target=\"_self\" rel=\"noopener\" class=\"wp-block-noor-blocks-button nb-btn nb-btn-primary bg-primary column-gap-8 px-24 py-8 text-white bg-hover-primary-dark text-hover-white bg-active-primary-dark text-active-white has-hover-overlay-color has-active-overlay-color has-hover-overlay-opacity has-active-overlay-opacity stretched-link mx-16 mx-md-24 align-self-center\" style=\"--hover-overlay-color:white;--active-overlay-color:white;--hover-overlay-opacity:0%;--active-overlay-opacity:0%;border-radius:36px\"><span class=\"nb-button-overlay\"><\/span><span class=\"nb-btn-text\">Read more<\/span><\/a>\n<\/div>\n<\/div>\n<\/div>\n\n\n\n<div class=\"wp-block-noor-blocks-column col nb-column col-12 col-md-6 col-lg-4\">\n<div class=\"wp-block-noor-blocks-group nb-group nb-group-div bg-white d-flex flex-column  pb-32 pattern-fancy-card shadow h-100\">\n<picture class=\"wp-block-noor-blocks-image nb-image flex-fill\" style=\"width:100%;height:100%;max-height:228px\"><img decoding=\"async\" src=\"https:\/\/www.westinbuss.se\/wp-content\/uploads\/2023\/11\/Eskilstuna.jpg\" class=\"object-fit-cover object-position-center\"\/><\/picture>\n\n\n\n<div class=\"wp-block-noor-blocks-group nb-group nb-group-div d-flex flex-column  flex-fill\">\n<div class=\"wp-block-noor-blocks-group nb-group nb-group-div  p-24 flex-fill\">\n<h3 class=\"wp-block-noor-blocks-heading nb-heading nb-heading-h3 mb-16  text-center\">Eskilstuna<\/h3>\n\n\n\n<p class=\"wp-block-noor-blocks-paragraph nb-paragraph mb-0  text-center\">With Westin Buss you can experience Eskilstuna in a way that suits you. From the historic Munktell area to the lush parks. Turn to us when you need to <a href=\"https:\/\/www.westinbuss.se\/en\/rent-a-bus-in-eskilstuna\/\">rent a bus in Eskilstuna<\/a><\/p>\n<\/div>\n\n\n\n<a href=\"https:\/\/www.westinbuss.se\/en\/rent-a-bus-in-eskilstuna\/\" target=\"_self\" rel=\"noopener\" class=\"wp-block-noor-blocks-button nb-btn nb-btn-primary bg-primary column-gap-8 px-24 py-8 text-white bg-hover-primary-dark text-hover-white bg-active-primary-dark text-active-white has-hover-overlay-color has-active-overlay-color has-hover-overlay-opacity has-active-overlay-opacity stretched-link mx-16 mx-md-24 align-self-center\" style=\"--hover-overlay-color:white;--active-overlay-color:white;--hover-overlay-opacity:0%;--active-overlay-opacity:0%;border-radius:36px\"><span class=\"nb-button-overlay\"><\/span><span class=\"nb-btn-text\">Read more<\/span><\/a>\n<\/div>\n<\/div>\n<\/div>\n\n\n\n<div class=\"wp-block-noor-blocks-column col nb-column col-12 col-md-6 col-lg-4\">\n<div class=\"wp-block-noor-blocks-group nb-group nb-group-div bg-white d-flex flex-column  pb-32 pattern-fancy-card shadow h-100\">\n<picture class=\"wp-block-noor-blocks-image nb-image flex-fill\" style=\"width:100%;height:100%;max-height:228px\"><img decoding=\"async\" src=\"https:\/\/www.westinbuss.se\/wp-content\/uploads\/2023\/11\/Arlanda.jpg\" class=\"object-fit-cover object-position-center\"\/><\/picture>\n\n\n\n<div class=\"wp-block-noor-blocks-group nb-group nb-group-div d-flex flex-column  flex-fill\">\n<div class=\"wp-block-noor-blocks-group nb-group nb-group-div  p-24 flex-fill\">\n<h3 class=\"wp-block-noor-blocks-heading nb-heading nb-heading-h3 mb-16  text-center\">Arlanda<\/h3>\n\n\n\n<p class=\"wp-block-noor-blocks-paragraph nb-paragraph mb-0  text-center\">Need reliable transportation to or from Arlanda Airport? You can rely on us for a smooth and comfortable transportation. Book an <a href=\"https:\/\/www.westinbuss.se\/en\/our-services\/to-and-from-the-airport\/\">airport bus to Arlanda, Skavsta &amp; V\u00e4ster\u00e5s<\/a>.<\/p>\n<\/div>\n\n\n\n<a href=\"https:\/\/www.westinbuss.se\/en\/our-services\/to-and-from-the-airport\/\" target=\"_self\" rel=\"noopener\" class=\"wp-block-noor-blocks-button nb-btn nb-btn-primary bg-primary column-gap-8 px-24 py-8 text-white bg-hover-primary-dark text-hover-white bg-active-primary-dark text-active-white has-hover-overlay-color has-active-overlay-color has-hover-overlay-opacity has-active-overlay-opacity stretched-link mx-16 mx-md-24 align-self-center\" style=\"--hover-overlay-color:white;--active-overlay-color:white;--hover-overlay-opacity:0%;--active-overlay-opacity:0%;border-radius:36px\"><span class=\"nb-button-overlay\"><\/span><span class=\"nb-btn-text\">Read more<\/span><\/a>\n<\/div>\n<\/div>\n<\/div>\n<\/div>\n<\/div>\n<\/section>\n\n\n\n<section class=\"wp-block-noor-blocks-section nb-section position-relative  py-64 py-lg-96 bg-white pattern-two-column-content\">\n<div class=\"wp-block-noor-blocks-container nb-container container\">\n<div class=\"wp-block-noor-blocks-two-column-content nb-two-column-content row row-cols-1 row-cols-lg-2 row-gap-32\">\n<div class=\"wp-block-noor-blocks-column-content nb-column-content col d-flex flex-column col-12 col-sm-12 col-md-6 col-lg-6  offset-0 offset-sm-0 offset-md-0 offset-lg-0 flex-fill\">\n<picture class=\"wp-block-noor-blocks-image nb-image shadow\" style=\"height:100%;max-height:400px\"><img decoding=\"async\" src=\"https:\/\/www.westinbuss.se\/wp-content\/uploads\/2023\/11\/tw-column-content.jpg\" class=\"object-fit-cover object-position-center\"\/><\/picture>\n<\/div>\n\n\n\n<div class=\"wp-block-noor-blocks-column-content nb-column-content col d-flex flex-column col-12 col-sm-12 col-md-6 col-lg-5 justify-content-center offset-0 offset-sm-0 offset-md-0 offset-lg-1\">\n<div class=\"wp-block-noor-blocks-group nb-group nb-group-div d-flex flex-column align-items-start\">\n<h2 class=\"wp-block-noor-blocks-heading nb-heading nb-heading-h2 mb-32  underlined-heading\">Bus rental with a guide<\/h2>\n\n\n\n<p>Renting a bus with a driver allows you to arrive at your destination in a comfortable and safe way, while leaving you time to concentrate on other things. If you are renting a bus in Stockholm for a sightseeing tour, we can also help you book a good guide. Since both comfort and quality are high, you as a traveler will get the most out of your trip.<\/p>\n\n\n\n<p>Rent a bus with us today &#8211; click on the button below and fill in the form, we will get back to you within 24 office hours.<\/p>\n\n\n\n<div class=\"wp-block-noor-blocks-group nb-group nb-group-div  pt-24\">\n<a target=\"_self\" rel=\"noopener\" class=\"wp-block-noor-blocks-button nb-btn nb-btn-primary bg-primary column-gap-8 px-24 py-8 text-white bg-hover-primary-dark text-hover-white bg-active-primary-dark text-active-white has-hover-overlay-color has-active-overlay-color has-hover-overlay-opacity has-active-overlay-opacity\" style=\"--hover-overlay-color:white;--active-overlay-color:white;--hover-overlay-opacity:0%;--active-overlay-opacity:0%;border-radius:36px\"><span class=\"nb-button-overlay\"><\/span><span class=\"nb-btn-text\">Quotation form<\/span><\/a>\n<\/div>\n<\/div>\n<\/div>\n<\/div>\n<\/div>\n<\/section>\n","protected":false},"excerpt":{"rendered":"","protected":false},"author":1,"featured_media":0,"parent":1351,"menu_order":2,"comment_status":"closed","ping_status":"closed","template":"","meta":{"inline_featured_image":false,"footnotes":""},"class_list":["post-884","page","type-page","status-publish","hentry"],"yoast_head":"<!-- This site is optimized with the Yoast SEO plugin v27.3 - https:\/\/yoast.com\/product\/yoast-seo-wordpress\/ -->\n<title>Rent a bus | Westin Buss<\/title>\n<meta name=\"description\" content=\"Do you want to rent a bus? Westin Buss offers smooth transportation with well-trained drivers. Contact us today!\" \/>\n<meta name=\"robots\" content=\"index, follow, max-snippet:-1, max-image-preview:large, max-video-preview:-1\" \/>\n<link rel=\"canonical\" href=\"https:\/\/www.westinbuss.se\/en\/our-services\/bus-rental\/\" \/>\n<meta property=\"og:locale\" content=\"en_US\" \/>\n<meta property=\"og:type\" content=\"article\" \/>\n<meta property=\"og:title\" content=\"Rent a bus | Westin Buss\" \/>\n<meta property=\"og:description\" content=\"Do you want to rent a bus? Westin Buss offers smooth transportation with well-trained drivers. Contact us today!\" \/>\n<meta property=\"og:url\" content=\"https:\/\/www.westinbuss.se\/en\/our-services\/bus-rental\/\" \/>\n<meta property=\"og:site_name\" content=\"Westin Buss\" \/>\n<meta property=\"article:modified_time\" content=\"2026-03-31T09:15:06+00:00\" \/>\n<meta property=\"og:image\" content=\"https:\/\/www.westinbuss.se\/wp-content\/uploads\/2026\/03\/KBB27G.jpg\" \/>\n<meta name=\"twitter:card\" content=\"summary_large_image\" \/>\n<meta name=\"twitter:label1\" content=\"Est. reading time\" \/>\n\t<meta name=\"twitter:data1\" content=\"4 minutes\" \/>\n<!-- \/ Yoast SEO plugin. -->","yoast_head_json":{"title":"Rent a bus | Westin Buss","description":"Do you want to rent a bus? Westin Buss offers smooth transportation with well-trained drivers. Contact us today!","robots":{"index":"index","follow":"follow","max-snippet":"max-snippet:-1","max-image-preview":"max-image-preview:large","max-video-preview":"max-video-preview:-1"},"canonical":"https:\/\/www.westinbuss.se\/en\/our-services\/bus-rental\/","og_locale":"en_US","og_type":"article","og_title":"Rent a bus | Westin Buss","og_description":"Do you want to rent a bus? Westin Buss offers smooth transportation with well-trained drivers. Contact us today!","og_url":"https:\/\/www.westinbuss.se\/en\/our-services\/bus-rental\/","og_site_name":"Westin Buss","article_modified_time":"2026-03-31T09:15:06+00:00","og_image":[{"url":"https:\/\/www.westinbuss.se\/wp-content\/uploads\/2026\/03\/KBB27G.jpg","type":"","width":"","height":""}],"twitter_card":"summary_large_image","twitter_misc":{"Est. reading time":"4 minutes"},"schema":{"@context":"https:\/\/schema.org","@graph":[{"@type":"WebPage","@id":"https:\/\/www.westinbuss.se\/en\/our-services\/bus-rental\/","url":"https:\/\/www.westinbuss.se\/en\/our-services\/bus-rental\/","name":"Rent a bus | Westin Buss","isPartOf":{"@id":"https:\/\/www.westinbuss.se\/en\/#website"},"primaryImageOfPage":{"@id":"https:\/\/www.westinbuss.se\/en\/our-services\/bus-rental\/#primaryimage"},"image":{"@id":"https:\/\/www.westinbuss.se\/en\/our-services\/bus-rental\/#primaryimage"},"thumbnailUrl":"https:\/\/www.westinbuss.se\/wp-content\/uploads\/2026\/03\/KBB27G.jpg","datePublished":"2023-11-21T09:15:40+00:00","dateModified":"2026-03-31T09:15:06+00:00","description":"Do you want to rent a bus? Westin Buss offers smooth transportation with well-trained drivers. Contact us today!","breadcrumb":{"@id":"https:\/\/www.westinbuss.se\/en\/our-services\/bus-rental\/#breadcrumb"},"inLanguage":"en-US","potentialAction":[{"@type":"ReadAction","target":["https:\/\/www.westinbuss.se\/en\/our-services\/bus-rental\/"]}]},{"@type":"ImageObject","inLanguage":"en-US","@id":"https:\/\/www.westinbuss.se\/en\/our-services\/bus-rental\/#primaryimage","url":"https:\/\/www.westinbuss.se\/wp-content\/uploads\/2026\/03\/KBB27G.jpg","contentUrl":"https:\/\/www.westinbuss.se\/wp-content\/uploads\/2026\/03\/KBB27G.jpg"},{"@type":"BreadcrumbList","@id":"https:\/\/www.westinbuss.se\/en\/our-services\/bus-rental\/#breadcrumb","itemListElement":[{"@type":"ListItem","position":1,"name":"Home","item":"https:\/\/www.westinbuss.se\/en\/"},{"@type":"ListItem","position":2,"name":"Rent a bus Stockholm","item":"https:\/\/www.westinbuss.se\/en\/our-services\/"},{"@type":"ListItem","position":3,"name":"Rent a bus"}]},{"@type":"WebSite","@id":"https:\/\/www.westinbuss.se\/en\/#website","url":"https:\/\/www.westinbuss.se\/en\/","name":"Westin Buss","description":"Customized and safe charter bus service in Stockholm | Westin Buss","publisher":{"@id":"https:\/\/www.westinbuss.se\/en\/#organization"},"potentialAction":[{"@type":"SearchAction","target":{"@type":"EntryPoint","urlTemplate":"https:\/\/www.westinbuss.se\/en\/?s={search_term_string}"},"query-input":{"@type":"PropertyValueSpecification","valueRequired":true,"valueName":"search_term_string"}}],"inLanguage":"en-US"},{"@type":"Organization","@id":"https:\/\/www.westinbuss.se\/en\/#organization","name":"Westin Buss","url":"https:\/\/www.westinbuss.se\/en\/","logo":{"@type":"ImageObject","inLanguage":"en-US","@id":"https:\/\/www.westinbuss.se\/en\/#\/schema\/logo\/image\/","url":"https:\/\/www.westinbuss.se\/wp-content\/uploads\/2023\/11\/b3be85f32ab0824248ca0db09b613cd7.png","contentUrl":"https:\/\/www.westinbuss.se\/wp-content\/uploads\/2023\/11\/b3be85f32ab0824248ca0db09b613cd7.png","width":1920,"height":481,"caption":"Westin Buss"},"image":{"@id":"https:\/\/www.westinbuss.se\/en\/#\/schema\/logo\/image\/"}}]}},"_links":{"self":[{"href":"https:\/\/www.westinbuss.se\/en\/wp-json\/wp\/v2\/pages\/884","targetHints":{"allow":["GET"]}}],"collection":[{"href":"https:\/\/www.westinbuss.se\/en\/wp-json\/wp\/v2\/pages"}],"about":[{"href":"https:\/\/www.westinbuss.se\/en\/wp-json\/wp\/v2\/types\/page"}],"author":[{"embeddable":true,"href":"https:\/\/www.westinbuss.se\/en\/wp-json\/wp\/v2\/users\/1"}],"replies":[{"embeddable":true,"href":"https:\/\/www.westinbuss.se\/en\/wp-json\/wp\/v2\/comments?post=884"}],"version-history":[{"count":13,"href":"https:\/\/www.westinbuss.se\/en\/wp-json\/wp\/v2\/pages\/884\/revisions"}],"predecessor-version":[{"id":3382,"href":"https:\/\/www.westinbuss.se\/en\/wp-json\/wp\/v2\/pages\/884\/revisions\/3382"}],"up":[{"embeddable":true,"href":"https:\/\/www.westinbuss.se\/en\/wp-json\/wp\/v2\/pages\/1351"}],"wp:attachment":[{"href":"https:\/\/www.westinbuss.se\/en\/wp-json\/wp\/v2\/media?parent=884"}],"curies":[{"name":"wp","href":"https:\/\/api.w.org\/{rel}","templated":true}]}}